{"id":179,"date":"2022-02-02T11:16:41","date_gmt":"2022-02-02T11:16:41","guid":{"rendered":"http:\/\/hsbew.de\/?page_id=179"},"modified":"2024-10-18T20:05:50","modified_gmt":"2024-10-18T20:05:50","slug":"mesmerize","status":"publish","type":"page","link":"http:\/\/hsbew.de\/","title":{"rendered":"Front Page"},"content":{"rendered":"<div  id=\"features-10\" style=\"background-color: rgb(255, 255, 255); background-image: none;\" data-label=\"Features\" data-id=\"features-16-card-bordered\" data-export-id=\"features-16-card-bordered\" data-category=\"features\" class=\"features-16-card-bordered content-section content-section-spacing\"><div  class=\"gridContainer\"> <div  class=\"row text-center\"><div  class=\"section-title-col\" data-type=\"column\"> <h2  class=\"\" style=\"border-bottom-color: rgb(60, 80, 159);\">Unsere Leistungen<\/h2> <\/div> <\/div> <div  class=\"row spaced-cols center-sm\" data-type=\"row\"> <div  class=\"col-xs-12 col-sm-6 col-md-4\"> <div  class=\"card no-padding bordered y-move\"> <a  data-cp-link=\"1\" href=\"#\"><img  decoding=\"async\" class=\"face\" src=\"http:\/\/hsbew.de\/wp-content\/uploads\/2022\/02\/cropped-cropped-smart-home-g87d792617_1920.jpg\" title=\"cropped-cropped-smart-home-g87d792617_1920.jpg\" alt=\"\"><\/a> <div  data-type=\"column\" class=\"col-padding-small col-padding-small-xs description-container\"> <h4  class=\"font-500\">Heizung<\/h4> <p  class=\"\">Wir k\u00fcmmern uns um die Installation und Wartung Ihrer Heizung. \n<br >\n<br >&nbsp; &nbsp; &nbsp; &nbsp; &nbsp; &nbsp; &nbsp; &nbsp; &nbsp; &nbsp; &nbsp; &nbsp; &nbsp; &nbsp; &nbsp; &nbsp; &nbsp; &nbsp; &nbsp; &nbsp; &nbsp; &nbsp; &nbsp; &nbsp; &nbsp; &nbsp; &nbsp; &nbsp; &nbsp; &nbsp; &nbsp; &nbsp; &nbsp; &nbsp; &nbsp; &nbsp;&nbsp;<br >Durch jahrelange Erfahrung optimieren wir Ihre Heizungsanlage, sodass Sie langfristig Brennstoff sparen k\u00f6nnen.<\/p><\/div> <div  data-type=\"column\" class=\"col-padding-small col-padding-small-xs read-more-container\"><\/div> <\/div><\/div> <div  class=\"col-xs-12 col-sm-6 col-md-4\"><div  class=\"card no-padding bordered y-move\"> <img  decoding=\"async\" class=\"face\" src=\"http:\/\/hsbew.de\/wp-content\/uploads\/2022\/02\/cropped-cropped-cropped-cropped-bathtub-g5d4f27a13_1920-1.jpg\" title=\"cropped-cropped-cropped-cropped-bathtub-g5d4f27a13_1920-1.jpg\" alt=\"\"> <div  data-type=\"column\" class=\"col-padding-small col-padding-small-xs description-container\"> <h4  class=\"font-500\">Sanit\u00e4r<\/h4> <p  class=\"\">Gerade weil man an einem Bad lange Freude haben m\u00f6chte, sollte man Wert auf gute Qualit\u00e4t legen. \n<br >Von der Reparatur \u00fcber die Installation einzelner Komponenten bis hin zur Komplettsanierung: Wir sind Ihr Partner f\u00fcr Traumb\u00e4der.<\/p><\/div> <div  data-type=\"column\" class=\"col-padding-small col-padding-small-xs read-more-container\"><\/div> <\/div><\/div> <div  class=\"col-xs-12 col-sm-6 col-md-4\"><div  class=\"card no-padding bordered y-move\"> <img  decoding=\"async\" class=\"face\" src=\"http:\/\/hsbew.de\/wp-content\/uploads\/2022\/02\/cropped-cropped-solar-system-g6f8aa51e5_1920.jpg\" title=\"cropped-cropped-solar-system-g6f8aa51e5_1920.jpg\" alt=\"\"> <div  data-type=\"column\" class=\"col-padding-small col-padding-small-xs description-container\"> <h4  class=\"font-500\">Solar<\/h4> <p  class=\"\">Mit Heizsystemen auf Basis erneuerbarer Energiequellen bieten wir Ihnen Wohnkomfort im Einklang mit der Natur. \n<br ><br >Ob Solarthermie oder W\u00e4rmepumpe \u2013 wir liefern Ihnen hochwertige technische L\u00f6sungen.<\/p><\/div> <div  data-type=\"column\" class=\"col-padding-small col-padding-small-xs read-more-container\"><\/div> <\/div><\/div> <\/div><\/div> <\/div><div  id=\"content-13\" style=\"background-color: #f5fafd;\" data-label=\"Content\" data-id=\"content-2\" data-export-id=\"content-2\" data-category=\"content\" class=\"content-2 content-section content-section-spacing\"><div > <div  class=\"row middle-xs\"><div  class=\"col-sm-5 bg-image shadow-large-black\" data-bg=\"image\" style=\"background-image: url(&quot;http:\/\/hsbew.de\/wp-content\/uploads\/2022\/02\/cropped-plumbing-g2b79349a3_1920.jpg&quot;);\"><\/div> <div  class=\"col-sm-7 full-col-left-padding full-col-right-padding\"> <div  class=\"row\"> <div  data-type=\"column\" class=\"space-bottom-small content-title-col content-center-sm\">  <h2  class=\"\" style=\"border-bottom-color: rgb(60, 80, 159);\">\u00dcber uns<\/h2> <p  class=\"\">Firmeninhaber Eric Wilhelm begann 1985 seine Ausbildung zum Gas-Wasser Installateur bei der Firma Engelbert Woll in H\u00fclzweiler. Seinen Meistertitel erwarb er 1991.\n<br ><br >2005 er\u00f6ffnete er seinen eigenen Betrieb an gleicher Wirkungsst\u00e4tte. Seitdem steht der Name Eric Wilhelm in H\u00fclzweiler und der gesamten Gemeinde Schwalbach und Umgebung f\u00fcr Qualit\u00e4t und professionelle Dienstleistung im Bereich Heizung, Sanit\u00e4r, Solar und Badsanierungen.\n<br ><br >Wir sind Fachbetrieb der Landesinnung.<br >\n\n<\/p><\/div> <\/div> <div  class=\"row spaced-cols content-center-sm\" data-type=\"row\">    <div  class=\"col-xs-6\" data-type=\"column\"><h5  class=\"\">\n<br ><br >\u201eErfolg hat drei Buchstaben:\n<br >TUN!\u201c<\/h5> <p  class=\"\">Johann Wolfgang von Goethe<\/p><\/div> <\/div><\/div> <\/div><\/div> <\/div><div  data-label=\"Contact\" data-id=\"contact--1\" data-export-id=\"contact-1\" data-category=\"contact\" class=\"contact-1 content-section content-section-spacing white-text\" data-parallax-depth=\"20\" id=\"contact-1\" style=\"background-color: rgb(245, 250, 253); background-image: url(&quot;http:\/\/hsbew.de\/wp-content\/uploads\/2022\/02\/shower-gebcedc220_1920.jpg&quot;); background-size: cover; background-position: center top;\"><div  class=\"gridContainer\"> <div  class=\"row text-center\"><div  class=\"section-title-col\" data-type=\"column\"> <h2  class=\"\" style=\"border-bottom-color: rgb(60, 80, 159);\">Kontakt<\/h2> <h4  class=\"\">Kontaktieren Sie uns gern telefonisch zu unseren B\u00fcrozeiten:<br ><br >Montag bis Donnerstag&nbsp; 8.00-12.30 Uhr und 13.30-16.00 Uhr\n<br >Freitag&nbsp; 8.00-13.00 Uhr&nbsp;\n<br ><br >oder zu jeder Tages- und Nachtzeit \u00fcber unser Kontaktformular:<\/h4><\/div> <\/div> <div  class=\"row text-center\"> <div  class=\"col-xs-12 col-sm-8 col-sm-offset-2 contact-form-wrapper inline-info\"> <div  class=\"card large-padding\"> <div  class=\"\" data-content-shortcode=\"mesmerize_contact_form shortcode=&quot;contact-form-7 id=&amp;amp;quot;85&amp;amp;quot; title=&amp;amp;quot;Kontaktformular 1&amp;amp;quot;&quot;\" data-editable=\"true\">\n<div class=\"wpcf7 no-js\" id=\"wpcf7-f85-o1\" lang=\"de-DE\" dir=\"ltr\">\n<div class=\"screen-reader-response\"><p role=\"status\" aria-live=\"polite\" aria-atomic=\"true\"><\/p> <ul><\/ul><\/div>\n<form action=\"\/index.php?rest_route=%2Fwp%2Fv2%2Fpages%2F179#wpcf7-f85-o1\" method=\"post\" class=\"wpcf7-form init\" aria-label=\"Kontaktformular\" novalidate=\"novalidate\" data-status=\"init\">\n<div style=\"display: none;\">\n<input type=\"hidden\" name=\"_wpcf7\" value=\"85\" \/>\n<input type=\"hidden\" name=\"_wpcf7_version\" value=\"5.9.8\" \/>\n<input type=\"hidden\" name=\"_wpcf7_locale\" value=\"de_DE\" \/>\n<input type=\"hidden\" name=\"_wpcf7_unit_tag\" value=\"wpcf7-f85-o1\" \/>\n<input type=\"hidden\" name=\"_wpcf7_container_post\" value=\"0\" \/>\n<input type=\"hidden\" name=\"_wpcf7_posted_data_hash\" value=\"\" \/>\n<\/div>\n<p><label> Ihr Name (Pflichtfeld)<br \/>\n<span class=\"wpcf7-form-control-wrap\" data-name=\"your-name\"><input size=\"40\" maxlength=\"400\" class=\"wpcf7-form-control wpcf7-text wpcf7-validates-as-required\" aria-required=\"true\" aria-invalid=\"false\" value=\"\" type=\"text\" name=\"your-name\" \/><\/span> <\/label>\n<\/p>\n<p><label> Ihre E-Mail-Adresse (Pflichtfeld)<br \/>\n<span class=\"wpcf7-form-control-wrap\" data-name=\"your-email\"><input size=\"40\" maxlength=\"400\" class=\"wpcf7-form-control wpcf7-email wpcf7-validates-as-required wpcf7-text wpcf7-validates-as-email\" aria-required=\"true\" aria-invalid=\"false\" value=\"\" type=\"email\" name=\"your-email\" \/><\/span> <\/label>\n<\/p>\n<p><label> Betreff (Pflichtfeld)<br \/>\n<span class=\"wpcf7-form-control-wrap\" data-name=\"your-subject\"><input size=\"40\" maxlength=\"400\" class=\"wpcf7-form-control wpcf7-text\" aria-invalid=\"false\" value=\"\" type=\"text\" name=\"your-subject\" \/><\/span> <\/label>\n<\/p>\n<p><label> Ihre Nachricht (Pflichtfeld)<br \/>\n<span class=\"wpcf7-form-control-wrap\" data-name=\"your-message\"><textarea cols=\"40\" rows=\"10\" maxlength=\"2000\" class=\"wpcf7-form-control wpcf7-textarea\" aria-invalid=\"false\" name=\"your-message\"><\/textarea><\/span> <\/label>\n<\/p>\n<p><input class=\"wpcf7-form-control wpcf7-submit has-spinner\" type=\"submit\" value=\"Senden\" \/>\n<\/p><div class=\"wpcf7-response-output\" aria-hidden=\"true\"><\/div>\n<\/form>\n<\/div>\n<\/div><\/div> <\/div><\/div> <\/div><\/div><div  data-label=\"Cta\" data-id=\"cta--1\" data-export-id=\"cta-blue-section\" data-category=\"cta\" class=\"cta-blue-section content-section content-section-spacing-medium bg-color1 white-text\" id=\"cta-1\" style=\"background-color: rgb(255, 255, 255); background-size: cover; background-position: center top; background-image: url(&quot;http:\/\/hsbew.de\/wp-content\/uploads\/2022\/02\/toilet-paper-g52ea6c055_1920.jpg&quot;);\"><div  class=\"gridContainer\"> <div  class=\"row middle-xs\"><div  class=\"col-sm-8 space-bottom-xs\" data-type=\"column\">  <a class=\"link\" href=\"https:\/\/hsbew.de?page_id=277\" target=\"_self\" data-cp-link=\"1\" rel=\"noopener\">Impressum<\/a><\/div> <div  class=\"col-sm-4 end-sm\" data-type=\"column\"> <\/div> <\/div><\/div> <\/div>","protected":false},"excerpt":{"rendered":"<p>Unsere Leistungen Heizung Wir k\u00fcmmern uns um die Installation und Wartung Ihrer Heizung. &nbsp; &nbsp; &nbsp; &nbsp; &nbsp; &nbsp; &nbsp; &nbsp; &nbsp; &nbsp; &nbsp; &nbsp; &nbsp; &nbsp; &nbsp; &nbsp; &nbsp; &nbsp; &nbsp; &nbsp; &nbsp; &nbsp; &nbsp; &nbsp; &nbsp; &nbsp; &nbsp; &nbsp; &nbsp; &nbsp; &nbsp; &nbsp; &nbsp; &nbsp; &nbsp; &nbsp;&nbsp;Durch jahrelange Erfahrung optimieren wir Ihre Heizungsanlage,&hellip; <br \/> <a class=\"read-more\" href=\"http:\/\/hsbew.de\/\">Weiterlesen<\/a><\/p>\n","protected":false},"author":1,"featured_media":0,"parent":0,"menu_order":0,"comment_status":"closed","ping_status":"closed","template":"page-templates\/homepage.php","meta":{"_ti_tpc_template_sync":false,"_ti_tpc_template_id":"","footnotes":""},"class_list":["post-179","page","type-page","status-publish","hentry"],"_links":{"self":[{"href":"http:\/\/hsbew.de\/index.php?rest_route=\/wp\/v2\/pages\/179"}],"collection":[{"href":"http:\/\/hsbew.de\/index.php?rest_route=\/wp\/v2\/pages"}],"about":[{"href":"http:\/\/hsbew.de\/index.php?rest_route=\/wp\/v2\/types\/page"}],"author":[{"embeddable":true,"href":"http:\/\/hsbew.de\/index.php?rest_route=\/wp\/v2\/users\/1"}],"replies":[{"embeddable":true,"href":"http:\/\/hsbew.de\/index.php?rest_route=%2Fwp%2Fv2%2Fcomments&post=179"}],"version-history":[{"count":17,"href":"http:\/\/hsbew.de\/index.php?rest_route=\/wp\/v2\/pages\/179\/revisions"}],"predecessor-version":[{"id":294,"href":"http:\/\/hsbew.de\/index.php?rest_route=\/wp\/v2\/pages\/179\/revisions\/294"}],"wp:attachment":[{"href":"http:\/\/hsbew.de\/index.php?rest_route=%2Fwp%2Fv2%2Fmedia&parent=179"}],"curies":[{"name":"wp","href":"https:\/\/api.w.org\/{rel}","templated":true}]}}